{"id":454,"date":"2021-06-14T16:29:06","date_gmt":"2021-06-14T13:29:06","guid":{"rendered":"https:\/\/22045601761.thesite.link\/?page_id=454"},"modified":"2024-04-30T17:28:05","modified_gmt":"2024-04-30T14:28:05","slug":"lemnos","status":"publish","type":"page","link":"https:\/\/zanteferries.gr\/en\/lemnos\/","title":{"rendered":"LEMNOS"},"content":{"rendered":"<p><div class=\"fusion-fullwidth fullwidth-box fusion-builder-row-1 fusion-flex-container fusion-parallax-fixed nonhundred-percent-fullwidth non-hundred-percent-height-scrolling lazyload fusion-animated fusion-custom-z-index\" style=\"--awb-border-radius-top-left:0px;--awb-border-radius-top-right:0px;--awb-border-radius-bottom-right:0px;--awb-border-radius-bottom-left:0px;--awb-z-index:0;--awb-padding-top:250px;--awb-padding-bottom:250px;--awb-padding-top-small:150px;--awb-padding-bottom-small:150px;--awb-background-image:linear-gradient(180deg, rgba(23,117,206,0.88) 14%,rgba(255,255,255,0) 67%);;--awb-background-size:cover;--awb-flex-wrap:wrap;background-attachment:fixed;\" data-bg=\"https:\/\/zanteferries.gr\/wp-content\/uploads\/2022\/03\/image-LIMNOS-HEADER.jpg\" data-bg-gradient=\"linear-gradient(180deg, rgba(23,117,206,0.88) 14%,rgba(255,255,255,0) 67%)\" data-animationType=\"fadeIn\" data-animationDuration=\"1.8\" data-animationOffset=\"top-into-view\" ><div class=\"fusion-builder-row fusion-row fusion-flex-align-items-center fusion-flex-justify-content-center fusion-flex-content-wrap\" style=\"max-width:1248px;margin-left: calc(-4% \/ 2 );margin-right: calc(-4% \/ 2 );\"><div class=\"fusion-layout-column fusion_builder_column fusion-builder-column-0 fusion_builder_column_1_1 1_1 fusion-flex-column\" style=\"--awb-bg-size:cover;--awb-width-large:100%;--awb-margin-top-large:0px;--awb-spacing-right-large:1.92%;--awb-margin-bottom-large:0px;--awb-spacing-left-large:1.92%;--awb-width-medium:100%;--awb-order-medium:0;--awb-spacing-right-medium:1.92%;--awb-spacing-left-medium:1.92%;--awb-width-small:100%;--awb-order-small:0;--awb-spacing-right-small:1.92%;--awb-spacing-left-small:1.92%;\"><div class=\"fusion-column-wrapper fusion-column-has-shadow fusion-flex-justify-content-center fusion-content-layout-column\"><div class=\"fusion-title title fusion-title-1 fusion-sep-none fusion-title-center fusion-title-rotating fusion-animate-once fusion-title-fadeIn fusion-title-size-one\" style=\"--awb-text-color:#ffffff;--awb-margin-bottom:5px;--awb-font-size:76px;\"><h1 class=\"fusion-title-heading title-heading-center fusion-responsive-typography-calculated\" style=\"margin:0;font-size:1em;--fontSize:76;line-height:1.20;text-shadow:1px 0px #000000;\"><span class=\"fusion-animated-text-prefix\"><\/span> <span class=\"fusion-animated-texts-wrapper\" style=\"text-align: center;\" data-length=\"char\"><span class=\"fusion-animated-texts\"><span data-in-effect=\"fadeIn\" class=\"fusion-animated-text\" data-in-sequence=\"true\" data-out-reverse=\"true\" data-out-effect=\"fadeOut\">LEMNOS<\/span><\/span><\/span> <span class=\"fusion-animated-text-postfix\"><\/span><\/h1><\/div><\/div><\/div><\/div><\/div><div class=\"fusion-fullwidth fullwidth-box fusion-builder-row-2 fusion-flex-container nonhundred-percent-fullwidth non-hundred-percent-height-scrolling\" style=\"--awb-border-radius-top-left:0px;--awb-border-radius-top-right:0px;--awb-border-radius-bottom-right:0px;--awb-border-radius-bottom-left:0px;--awb-padding-top:120px;--awb-padding-bottom:120px;--awb-padding-top-small:50px;--awb-padding-bottom-small:50px;--awb-flex-wrap:wrap;\" ><div class=\"fusion-builder-row fusion-row fusion-flex-align-items-flex-start fusion-flex-justify-content-space-between fusion-flex-content-wrap\" style=\"max-width:calc( 1200px + 80px );margin-left: calc(-80px \/ 2 );margin-right: calc(-80px \/ 2 );\"><div class=\"fusion-layout-column fusion_builder_column fusion-builder-column-1 fusion_builder_column_2_3 2_3 fusion-flex-column\" style=\"--awb-bg-size:cover;--awb-width-large:66.666666666667%;--awb-margin-top-large:0px;--awb-spacing-right-large:40px;--awb-margin-bottom-large:0px;--awb-spacing-left-large:40px;--awb-width-medium:100%;--awb-order-medium:0;--awb-spacing-right-medium:40px;--awb-spacing-left-medium:40px;--awb-width-small:100%;--awb-order-small:0;--awb-spacing-right-small:40px;--awb-spacing-left-small:40px;\"><div class=\"fusion-column-wrapper fusion-column-has-shadow fusion-flex-justify-content-flex-start fusion-content-layout-column\"><div class=\"fusion-text fusion-text-1\" style=\"--awb-content-alignment:left;--awb-font-size:17px;--awb-letter-spacing:2px;--awb-text-color:#343232;\"><p>DISCOVER LEMNOS<\/p>\n<\/div><div class=\"fusion-title title fusion-title-2 fusion-sep-none fusion-title-text fusion-title-size-one\" style=\"--awb-text-color:#343232;--awb-margin-top:-20px;--awb-margin-bottom:30px;--awb-font-size:58px;\"><h1 class=\"fusion-title-heading title-heading-left fusion-responsive-typography-calculated\" style=\"margin:0;font-size:1em;--fontSize:58;line-height:1.2;\">Few words about the island<\/h1><\/div><div class=\"fusion-text fusion-text-2 fusion-text-no-margin\" style=\"--awb-margin-bottom:40px;\"><p>Lemnos, Modern Greek L\u00edmnos, isolated Greek island and d\u00edmos (municipality), North Aegean (Modern Greek: V\u00f3reio Aiga\u00edo) perif\u00e9reia (region), Greece. It is situated in the Aegean Sea, midway between Mount \u00c1thos (\u00c1gio) in northeastern mainland Greece and the Turkish coast. Composed mainly of volcanic rock, its western region rises to 1,410 feet (430 metres) at M\u00fartzeflos Cape and is more rugged than the eastern portions, which are separated from the west by two deep inlets, Pourni\u00e1 in the north and Mo\u00fadros (also called Mo\u00fadhrou) in the south. The 184-square-mile (476-square-kilometre) island is treeless in the west, but the valleys and eastern plains are fertile. The chief town and port, M\u00edrina, on the west coast, is the seat of the metropolitan bishop of Lemnos and the island of \u00c1yios Evstr\u00e1tios to the south. The second town is Mo\u00fadros, on the bay of the same name, one of the best natural harbours in the Aegean. There is a major airfield on the island.<\/p>\n<p>Excavations conducted by the Italian School in 1931\u201336 at Poliochni on the east coast revealed four ancient superimposed settlements: Early Bronze Age (c. 3000 bce); beneath it a Copper Age (c. 5000 bce) city; and beneath that the remains of two Neolithic cities, equipped with stone baths, representing the most advanced Neolithic civilization yet found in the Aegean. Near the ancient town of Hephaestia an extensive necropolis (cemetery) of the 8th to 6th century bce has been found. Located on Pourni\u00e1s Bay, Hephaestia was the principal city of Lemnos in Classical times; today it is occupied by the hamlet of Palai\u00f3polis.<\/p>\n<p>Toward the end of the 6th century bce, the island was conquered by Otanes, a general of the Persian king Darius. From 477 Lemnos was a member of the Delian League, and later, except for a Spartan interlude, it was controlled by Athens. In 197 bce Rome declared it free but gave it over in 166 bce to Athens, which retained nominal possession of the island until the time of the Roman emperor Septimius Severus (193\u2013211 ce).<\/p>\n<p>In the 4th century the island had a Byzantine bishop and became a metropolitan see in the reign of Leo VI (reigned 928). It was settled by Venetian merchants in the 11th and 12th centuries, and in 1204, after disruption of the Byzantine Empire, the Venetians established themselves on the island. During the following centuries, rule alternated among Venice, Genoa, and the Turks, who after 1670 used it as a place for banishment of exiles. Lemnos joined the Greek kingdom after the Balkan Wars (1912\u201313). From Mo\u00fadros Bay in 1915 the Allies launched their unsuccessful invasion of the Dardanelles; in the same bay, the Allied armistice with Turkey was concluded in 1918. In Classical times Lemnian earth (Lemnia sphragis) was used as an astringent for snakebites and wounds and in the 16th century for the plague. This medicinal soil was dug ceremonially once a year from a mound near Hephaestia. Pop. (2001) 17,545; (2011) 16,992.<\/p>\n<\/div><div class=\"awb-gallery-wrapper awb-gallery-wrapper-1 button-span-no\"><div style=\"margin:-5px;--awb-bordersize:0px;\" class=\"fusion-gallery fusion-gallery-container fusion-grid-2 fusion-columns-total-4 fusion-gallery-layout-grid fusion-gallery-1\"><div style=\"padding:5px;\" class=\"fusion-grid-column fusion-gallery-column fusion-gallery-column-2\"><div class=\"fusion-gallery-image fusion-gallery-image-liftup\"><a href=\"https:\/\/zanteferries.gr\/wp-content\/uploads\/2022\/03\/image-limnos-gallery4.jpg\" rel=\"noreferrer\" data-rel=\"iLightbox[gallery_image_1]\" class=\"fusion-lightbox\" target=\"_self\"><img decoding=\"async\" src=\"https:\/\/zanteferries.gr\/wp-content\/uploads\/2022\/03\/image-limnos-gallery4-460x295.jpg\" width=\"460\" height=\"295\" alt=\"\" title=\"\" aria-label=\"\" class=\"img-responsive wp-image-851 fusion-gallery-image-size-fixed\"  \/><\/a><\/div><\/div><div style=\"padding:5px;\" class=\"fusion-grid-column fusion-gallery-column fusion-gallery-column-2\"><div class=\"fusion-gallery-image fusion-gallery-image-liftup\"><a href=\"https:\/\/zanteferries.gr\/wp-content\/uploads\/2022\/03\/image-limnos-gallery3.jpg\" rel=\"noreferrer\" data-rel=\"iLightbox[gallery_image_1]\" class=\"fusion-lightbox\" target=\"_self\"><img decoding=\"async\" src=\"https:\/\/zanteferries.gr\/wp-content\/uploads\/2022\/03\/image-limnos-gallery3-460x295.jpg\" width=\"460\" height=\"295\" alt=\"\" title=\"\" aria-label=\"\" class=\"img-responsive wp-image-849 fusion-gallery-image-size-fixed\"  \/><\/a><\/div><\/div><div class=\"clearfix\"><\/div><div style=\"padding:5px;\" class=\"fusion-grid-column fusion-gallery-column fusion-gallery-column-2\"><div class=\"fusion-gallery-image fusion-gallery-image-liftup\"><a href=\"https:\/\/zanteferries.gr\/wp-content\/uploads\/2022\/03\/image-limnos-gallery2.jpg\" rel=\"noreferrer\" data-rel=\"iLightbox[gallery_image_1]\" class=\"fusion-lightbox\" target=\"_self\"><img decoding=\"async\" src=\"https:\/\/zanteferries.gr\/wp-content\/uploads\/2022\/03\/image-limnos-gallery2-460x295.jpg\" width=\"460\" height=\"295\" alt=\"\" title=\"\" aria-label=\"\" class=\"img-responsive wp-image-847 fusion-gallery-image-size-fixed\"  \/><\/a><\/div><\/div><div style=\"padding:5px;\" class=\"fusion-grid-column fusion-gallery-column fusion-gallery-column-2\"><div class=\"fusion-gallery-image fusion-gallery-image-liftup\"><a href=\"https:\/\/zanteferries.gr\/wp-content\/uploads\/2022\/03\/image-limnos-gallery1.jpg\" rel=\"noreferrer\" data-rel=\"iLightbox[gallery_image_1]\" class=\"fusion-lightbox\" target=\"_self\"><img decoding=\"async\" src=\"https:\/\/zanteferries.gr\/wp-content\/uploads\/2022\/03\/image-limnos-gallery1-460x295.jpg\" width=\"460\" height=\"295\" alt=\"\" title=\"\" aria-label=\"\" class=\"img-responsive wp-image-845 fusion-gallery-image-size-fixed\"  \/><\/a><\/div><\/div><div class=\"clearfix\"><\/div><\/div><\/div><\/div><\/div><div class=\"fusion-layout-column fusion_builder_column fusion-builder-column-2 fusion_builder_column_1_3 1_3 fusion-flex-column fusion-animated\" style=\"--awb-padding-top:20px;--awb-padding-right:20px;--awb-padding-bottom:20px;--awb-padding-left:20px;--awb-bg-color:#f7f7f7;--awb-bg-color-hover:#f7f7f7;--awb-bg-size:cover;--awb-box-shadow:1px 1px 10px 0px #a3a3a3;;--awb-width-large:33.333333333333%;--awb-margin-top-large:0px;--awb-spacing-right-large:40px;--awb-margin-bottom-large:0px;--awb-spacing-left-large:40px;--awb-width-medium:100%;--awb-order-medium:0;--awb-margin-top-medium:50px;--awb-spacing-right-medium:40px;--awb-spacing-left-medium:40px;--awb-width-small:100%;--awb-order-small:0;--awb-margin-top-small:50px;--awb-spacing-right-small:40px;--awb-spacing-left-small:40px;\" data-animationType=\"slideInUp\" data-animationDuration=\"2.0\" data-animationOffset=\"top-into-view\"><div class=\"fusion-column-wrapper fusion-column-has-shadow fusion-flex-justify-content-flex-start fusion-content-layout-column\"><div class=\"fusion-builder-row fusion-builder-row-inner fusion-row fusion-flex-align-items-flex-start fusion-flex-justify-content-space-between fusion-flex-content-wrap\" style=\"width:calc( 100% + 80px ) !important;max-width:calc( 100% + 80px ) !important;margin-left: calc(-80px \/ 2 );margin-right: calc(-80px \/ 2 );\"><div class=\"fusion-layout-column fusion_builder_column_inner fusion-builder-nested-column-0 fusion_builder_column_inner_1_1 1_1 fusion-flex-column\" style=\"--awb-padding-top:10px;--awb-padding-bottom:10px;--awb-bg-color:#12578c;--awb-bg-color-hover:#12578c;--awb-bg-size:cover;--awb-width-large:100%;--awb-margin-top-large:0px;--awb-spacing-right-large:40px;--awb-margin-bottom-large:0px;--awb-spacing-left-large:40px;--awb-width-medium:100%;--awb-order-medium:0;--awb-spacing-right-medium:40px;--awb-spacing-left-medium:40px;--awb-width-small:100%;--awb-order-small:0;--awb-spacing-right-small:40px;--awb-spacing-left-small:40px;\"><div class=\"fusion-column-wrapper fusion-column-has-shadow fusion-flex-justify-content-center fusion-content-layout-column\"><div class=\"fusion-title title fusion-title-3 fusion-sep-none fusion-title-center fusion-title-text fusion-title-size-one\" style=\"--awb-text-color:#ffffff;--awb-margin-bottom:0px;--awb-margin-bottom-small:0px;--awb-margin-bottom-medium:0px;--awb-font-size:20px;\"><h1 class=\"fusion-title-heading title-heading-center fusion-responsive-typography-calculated\" style=\"margin:0;font-size:1em;--fontSize:20;line-height:1.20;\"><strong>TIMETABLES<\/strong><\/h1><\/div><\/div><\/div><\/div><div class=\"fusion-text fusion-text-3 fusion-text-no-margin\" style=\"--awb-content-alignment:left;--awb-font-size:16px;--awb-text-transform:none;--awb-margin-top:20px;--awb-margin-bottom:20px;\"><p>You can travel to Lemnos from the port of Alexandroupolis with the <strong>C \/ P \/ F \u201cAdamantios Korais\u201d<\/strong>. Click the button below to see all available Zante Ferries itineraries or contact us for any clarification you need, in order to better organize your trip.<\/p>\n<\/div><div style=\"text-align:left;\"><a class=\"fusion-button button-flat button-small button-default fusion-button-default button-1 fusion-button-span-no fusion-button-default-type\" style=\"--button_text_transform:none;\" target=\"_self\" href=\"https:\/\/zanteferries.gr\/en\/timetables-from-alexandroupolis-to-samothraki-lemnos\/\"><span class=\"fusion-button-text awb-button__text awb-button__text--default fusion-button-text-right\">Timetables<\/span><span class=\"fusion-button-icon-divider button-icon-divider-right\"><i class=\"fa-arrow-right fas awb-button__icon awb-button__icon--default\" aria-hidden=\"true\"><\/i><\/span><\/a><\/div><div class=\"fusion-separator fusion-full-width-sep\" style=\"align-self: center;margin-left: auto;margin-right: auto;margin-top:20px;margin-bottom:10px;width:100%;max-width:100%;\"><div class=\"fusion-separator-border sep-single sep-solid\" style=\"--awb-height:20px;--awb-amount:20px;border-color:#eae8e8;border-top-width:2px;\"><\/div><\/div><div class=\"fusion-builder-row fusion-builder-row-inner fusion-row fusion-flex-align-items-flex-start fusion-flex-justify-content-space-between fusion-flex-content-wrap\" style=\"width:calc( 100% + 80px ) !important;max-width:calc( 100% + 80px ) !important;margin-left: calc(-80px \/ 2 );margin-right: calc(-80px \/ 2 );\"><div class=\"fusion-layout-column fusion_builder_column_inner fusion-builder-nested-column-1 fusion_builder_column_inner_1_1 1_1 fusion-flex-column\" style=\"--awb-padding-top:10px;--awb-padding-bottom:10px;--awb-bg-color:#12578c;--awb-bg-color-hover:#12578c;--awb-bg-size:cover;--awb-width-large:100%;--awb-margin-top-large:20px;--awb-spacing-right-large:40px;--awb-margin-bottom-large:0px;--awb-spacing-left-large:40px;--awb-width-medium:100%;--awb-order-medium:0;--awb-spacing-right-medium:40px;--awb-spacing-left-medium:40px;--awb-width-small:100%;--awb-order-small:0;--awb-spacing-right-small:40px;--awb-spacing-left-small:40px;\"><div class=\"fusion-column-wrapper fusion-column-has-shadow fusion-flex-justify-content-center fusion-content-layout-column\"><div class=\"fusion-title title fusion-title-4 fusion-sep-none fusion-title-center fusion-title-text fusion-title-size-one\" style=\"--awb-text-color:#ffffff;--awb-margin-bottom:0px;--awb-margin-bottom-small:0px;--awb-margin-bottom-medium:0px;--awb-font-size:20px;\"><h1 class=\"fusion-title-heading title-heading-center fusion-responsive-typography-calculated\" style=\"margin:0;font-size:1em;--fontSize:20;line-height:1.20;\"><strong>ONLINE BOOKING<\/strong><\/h1><\/div><\/div><\/div><\/div><div class=\"fusion-text fusion-text-4 fusion-text-no-margin\" style=\"--awb-content-alignment:left;--awb-font-size:16px;--awb-text-transform:none;--awb-margin-top:20px;--awb-margin-bottom:20px;\"><p>Book your ticket easily and quickly through our site. You just select the desired dates &amp; your destination and in a few minutes your reservation is completed.<\/p>\n<\/div><div style=\"text-align:left;\"><a class=\"fusion-button button-flat button-small button-default fusion-button-default button-2 fusion-button-span-no fusion-button-default-type\" style=\"--button_text_transform:none;\" target=\"_blank\" rel=\"noopener noreferrer\" href=\"https:\/\/zanteferries.certusonline.com\/index.php?lang=en\"><span class=\"fusion-button-text awb-button__text awb-button__text--default fusion-button-text-right\">Online Booking<\/span><span class=\"fusion-button-icon-divider button-icon-divider-right\"><i class=\"fa-arrow-right fas awb-button__icon awb-button__icon--default\" aria-hidden=\"true\"><\/i><\/span><\/a><\/div><div class=\"fusion-separator fusion-full-width-sep\" style=\"align-self: center;margin-left: auto;margin-right: auto;margin-top:20px;margin-bottom:10px;width:100%;max-width:100%;\"><div class=\"fusion-separator-border sep-single sep-solid\" style=\"--awb-height:20px;--awb-amount:20px;border-color:#eae8e8;border-top-width:2px;\"><\/div><\/div><div class=\"fusion-builder-row fusion-builder-row-inner fusion-row fusion-flex-align-items-flex-start fusion-flex-justify-content-space-between fusion-flex-content-wrap\" style=\"width:calc( 100% + 80px ) !important;max-width:calc( 100% + 80px ) !important;margin-left: calc(-80px \/ 2 );margin-right: calc(-80px \/ 2 );\"><div class=\"fusion-layout-column fusion_builder_column_inner fusion-builder-nested-column-2 fusion_builder_column_inner_1_1 1_1 fusion-flex-column\" style=\"--awb-padding-top:10px;--awb-padding-bottom:10px;--awb-bg-color:#12578c;--awb-bg-color-hover:#12578c;--awb-bg-size:cover;--awb-width-large:100%;--awb-margin-top-large:20px;--awb-spacing-right-large:40px;--awb-margin-bottom-large:0px;--awb-spacing-left-large:40px;--awb-width-medium:100%;--awb-order-medium:0;--awb-spacing-right-medium:40px;--awb-spacing-left-medium:40px;--awb-width-small:100%;--awb-order-small:0;--awb-spacing-right-small:40px;--awb-spacing-left-small:40px;\"><div class=\"fusion-column-wrapper fusion-column-has-shadow fusion-flex-justify-content-center fusion-content-layout-column\"><div class=\"fusion-title title fusion-title-5 fusion-sep-none fusion-title-center fusion-title-text fusion-title-size-one\" style=\"--awb-text-color:#ffffff;--awb-margin-bottom:0px;--awb-margin-bottom-small:0px;--awb-margin-bottom-medium:0px;--awb-font-size:20px;\"><h1 class=\"fusion-title-heading title-heading-center fusion-responsive-typography-calculated\" style=\"margin:0;font-size:1em;--fontSize:20;line-height:1.20;\"><strong>AGENCY<\/strong><\/h1><\/div><\/div><\/div><\/div><div class=\"fusion-text fusion-text-5 fusion-text-no-margin\" style=\"--awb-content-alignment:left;--awb-font-size:16px;--awb-margin-top:20px;--awb-margin-bottom:20px;\"><p><strong>Address:<\/strong> PRAVLIS TRAVEL,\u00a0 PORT OF MYRINA LEMNOS, 814 00<\/p>\n<p><strong>Tel: <\/strong> 22540.24446 &amp; 22540.24617<\/p>\n<p><strong>Fax: <\/strong>22540.22471<\/p>\n<\/div><\/div><\/div><\/div><\/div><\/p>\n","protected":false},"excerpt":{"rendered":"","protected":false},"author":2,"featured_media":0,"parent":0,"menu_order":0,"comment_status":"closed","ping_status":"closed","template":"100-width.php","meta":{"footnotes":""},"class_list":["post-454","page","type-page","status-publish","hentry"],"yoast_head":"<!-- This site is optimized with the Yoast SEO plugin v26.4 - https:\/\/yoast.com\/wordpress\/plugins\/seo\/ -->\n<title>LEMNOS - ZANTE FERRIES<\/title>\n<meta name=\"robots\" content=\"index, follow, max-snippet:-1, max-image-preview:large, max-video-preview:-1\" \/>\n<link rel=\"canonical\" href=\"https:\/\/zanteferries.gr\/en\/lemnos\/\" \/>\n<meta property=\"og:locale\" content=\"en_US\" \/>\n<meta property=\"og:type\" content=\"article\" \/>\n<meta property=\"og:title\" content=\"LEMNOS - ZANTE FERRIES\" \/>\n<meta property=\"og:url\" content=\"https:\/\/zanteferries.gr\/en\/lemnos\/\" \/>\n<meta property=\"og:site_name\" content=\"ZANTE FERRIES\" \/>\n<meta property=\"article:modified_time\" content=\"2024-04-30T14:28:05+00:00\" \/>\n<meta property=\"og:image\" content=\"https:\/\/zanteferries.gr\/wp-content\/uploads\/2022\/03\/FB-SHARING.png\" \/>\n\t<meta property=\"og:image:width\" content=\"1200\" \/>\n\t<meta property=\"og:image:height\" content=\"630\" \/>\n\t<meta property=\"og:image:type\" content=\"image\/png\" \/>\n<meta name=\"twitter:card\" content=\"summary_large_image\" \/>\n<meta name=\"twitter:label1\" content=\"Est. reading time\" \/>\n\t<meta name=\"twitter:data1\" content=\"25 minutes\" \/>\n<script type=\"application\/ld+json\" class=\"yoast-schema-graph\">{\"@context\":\"https:\/\/schema.org\",\"@graph\":[{\"@type\":\"WebPage\",\"@id\":\"https:\/\/zanteferries.gr\/en\/lemnos\/\",\"url\":\"https:\/\/zanteferries.gr\/en\/lemnos\/\",\"name\":\"LEMNOS - ZANTE FERRIES\",\"isPartOf\":{\"@id\":\"https:\/\/zanteferries.gr\/en\/#website\"},\"datePublished\":\"2021-06-14T13:29:06+00:00\",\"dateModified\":\"2024-04-30T14:28:05+00:00\",\"breadcrumb\":{\"@id\":\"https:\/\/zanteferries.gr\/en\/lemnos\/#breadcrumb\"},\"inLanguage\":\"en-US\",\"potentialAction\":[{\"@type\":\"ReadAction\",\"target\":[\"https:\/\/zanteferries.gr\/en\/lemnos\/\"]}]},{\"@type\":\"BreadcrumbList\",\"@id\":\"https:\/\/zanteferries.gr\/en\/lemnos\/#breadcrumb\",\"itemListElement\":[{\"@type\":\"ListItem\",\"position\":1,\"name\":\"Home\",\"item\":\"https:\/\/zanteferries.gr\/en\/\"},{\"@type\":\"ListItem\",\"position\":2,\"name\":\"LEMNOS\"}]},{\"@type\":\"WebSite\",\"@id\":\"https:\/\/zanteferries.gr\/en\/#website\",\"url\":\"https:\/\/zanteferries.gr\/en\/\",\"name\":\"ZANTE FERRIES\",\"description\":\"Greek shipping company\",\"publisher\":{\"@id\":\"https:\/\/zanteferries.gr\/en\/#organization\"},\"potentialAction\":[{\"@type\":\"SearchAction\",\"target\":{\"@type\":\"EntryPoint\",\"urlTemplate\":\"https:\/\/zanteferries.gr\/en\/?s={search_term_string}\"},\"query-input\":{\"@type\":\"PropertyValueSpecification\",\"valueRequired\":true,\"valueName\":\"search_term_string\"}}],\"inLanguage\":\"en-US\"},{\"@type\":\"Organization\",\"@id\":\"https:\/\/zanteferries.gr\/en\/#organization\",\"name\":\"Zante Ferries\",\"url\":\"https:\/\/zanteferries.gr\/en\/\",\"logo\":{\"@type\":\"ImageObject\",\"inLanguage\":\"en-US\",\"@id\":\"https:\/\/zanteferries.gr\/en\/#\/schema\/logo\/image\/\",\"url\":\"https:\/\/zanteferries.gr\/wp-content\/uploads\/2021\/06\/logo120.jpg\",\"contentUrl\":\"https:\/\/zanteferries.gr\/wp-content\/uploads\/2021\/06\/logo120.jpg\",\"width\":515,\"height\":120,\"caption\":\"Zante Ferries\"},\"image\":{\"@id\":\"https:\/\/zanteferries.gr\/en\/#\/schema\/logo\/image\/\"}}]}<\/script>\n<!-- \/ Yoast SEO plugin. -->","yoast_head_json":{"title":"LEMNOS - ZANTE FERRIES","robots":{"index":"index","follow":"follow","max-snippet":"max-snippet:-1","max-image-preview":"max-image-preview:large","max-video-preview":"max-video-preview:-1"},"canonical":"https:\/\/zanteferries.gr\/en\/lemnos\/","og_locale":"en_US","og_type":"article","og_title":"LEMNOS - ZANTE FERRIES","og_url":"https:\/\/zanteferries.gr\/en\/lemnos\/","og_site_name":"ZANTE FERRIES","article_modified_time":"2024-04-30T14:28:05+00:00","og_image":[{"width":1200,"height":630,"url":"https:\/\/zanteferries.gr\/wp-content\/uploads\/2022\/03\/FB-SHARING.png","type":"image\/png"}],"twitter_card":"summary_large_image","twitter_misc":{"Est. reading time":"25 minutes"},"schema":{"@context":"https:\/\/schema.org","@graph":[{"@type":"WebPage","@id":"https:\/\/zanteferries.gr\/en\/lemnos\/","url":"https:\/\/zanteferries.gr\/en\/lemnos\/","name":"LEMNOS - ZANTE FERRIES","isPartOf":{"@id":"https:\/\/zanteferries.gr\/en\/#website"},"datePublished":"2021-06-14T13:29:06+00:00","dateModified":"2024-04-30T14:28:05+00:00","breadcrumb":{"@id":"https:\/\/zanteferries.gr\/en\/lemnos\/#breadcrumb"},"inLanguage":"en-US","potentialAction":[{"@type":"ReadAction","target":["https:\/\/zanteferries.gr\/en\/lemnos\/"]}]},{"@type":"BreadcrumbList","@id":"https:\/\/zanteferries.gr\/en\/lemnos\/#breadcrumb","itemListElement":[{"@type":"ListItem","position":1,"name":"Home","item":"https:\/\/zanteferries.gr\/en\/"},{"@type":"ListItem","position":2,"name":"LEMNOS"}]},{"@type":"WebSite","@id":"https:\/\/zanteferries.gr\/en\/#website","url":"https:\/\/zanteferries.gr\/en\/","name":"ZANTE FERRIES","description":"Greek shipping company","publisher":{"@id":"https:\/\/zanteferries.gr\/en\/#organization"},"potentialAction":[{"@type":"SearchAction","target":{"@type":"EntryPoint","urlTemplate":"https:\/\/zanteferries.gr\/en\/?s={search_term_string}"},"query-input":{"@type":"PropertyValueSpecification","valueRequired":true,"valueName":"search_term_string"}}],"inLanguage":"en-US"},{"@type":"Organization","@id":"https:\/\/zanteferries.gr\/en\/#organization","name":"Zante Ferries","url":"https:\/\/zanteferries.gr\/en\/","logo":{"@type":"ImageObject","inLanguage":"en-US","@id":"https:\/\/zanteferries.gr\/en\/#\/schema\/logo\/image\/","url":"https:\/\/zanteferries.gr\/wp-content\/uploads\/2021\/06\/logo120.jpg","contentUrl":"https:\/\/zanteferries.gr\/wp-content\/uploads\/2021\/06\/logo120.jpg","width":515,"height":120,"caption":"Zante Ferries"},"image":{"@id":"https:\/\/zanteferries.gr\/en\/#\/schema\/logo\/image\/"}}]}},"_links":{"self":[{"href":"https:\/\/zanteferries.gr\/en\/wp-json\/wp\/v2\/pages\/454","targetHints":{"allow":["GET"]}}],"collection":[{"href":"https:\/\/zanteferries.gr\/en\/wp-json\/wp\/v2\/pages"}],"about":[{"href":"https:\/\/zanteferries.gr\/en\/wp-json\/wp\/v2\/types\/page"}],"author":[{"embeddable":true,"href":"https:\/\/zanteferries.gr\/en\/wp-json\/wp\/v2\/users\/2"}],"replies":[{"embeddable":true,"href":"https:\/\/zanteferries.gr\/en\/wp-json\/wp\/v2\/comments?post=454"}],"version-history":[{"count":8,"href":"https:\/\/zanteferries.gr\/en\/wp-json\/wp\/v2\/pages\/454\/revisions"}],"predecessor-version":[{"id":3361,"href":"https:\/\/zanteferries.gr\/en\/wp-json\/wp\/v2\/pages\/454\/revisions\/3361"}],"wp:attachment":[{"href":"https:\/\/zanteferries.gr\/en\/wp-json\/wp\/v2\/media?parent=454"}],"curies":[{"name":"wp","href":"https:\/\/api.w.org\/{rel}","templated":true}]}}